{"id":92,"date":"2020-12-01T13:40:26","date_gmt":"2020-12-01T12:40:26","guid":{"rendered":"https:\/\/ipa-augsburg.de\/?page_id=92"},"modified":"2024-04-19T02:19:40","modified_gmt":"2024-04-19T00:19:40","slug":"die-ipa-ist","status":"publish","type":"page","link":"https:\/\/ipa-augsburg.de\/index.php\/die-ipa-ist\/","title":{"rendered":"Die IPA ist&#8230;"},"content":{"rendered":"\n<p>&#8230;der politisch und gewerkschaftlich unabh\u00e4ngige Zusammenschlu\u00df von Angeh\u00f6rigen des Polizeidienstes, ohne Unterschied von Rang, Geschlecht, Rasse, Hautfarbe, Sprache oder Religion.<br><br>&#8230;als gr\u00f6\u00dfte Berufsvereinigung der Welt mit ann\u00e4hernd 420.000 Mitgliedern in derzeit 63 Staaten vertreten. Sie hat beratenden Status beim Wirtschafts- und Sozialrat der Vereinten Nationen und im Europarat.<br><br>&#8230; in ihren Statuten zur Einhaltung der Grunds\u00e4tze der Menschenrechte verpflichtet, so wie sie im Jahr 1948 von den Vereinten Nationen erkl\u00e4rt wurden. Es ist ihre Absicht, Bande der Freundschaft und der Zusammenarbeit zwischen ihren Mitgliedern und den Mitgliedssektionen zu schaffen.<br><br>Auf Grund ihres Zweckes und ihrer Ziele ist die IPA seit dem 25. Juli 1977 beim Europarat und seit dem 26. Juli 1995 bei den Vereinten Nationen mit beratendem Status in der Liste der nichtstaatlichen internationalen Organisationen registriert.<\/p>\n\n\n\n<p><strong>Die IPA will &#8230;<\/strong><\/p>\n\n\n\n<p>&#8230; kulturelle Beziehungen, das Allgemeinwissen und den beruflichen Erfahrungsaustausch sowie gegenseitige Hilfeleistungen ihrer Mitglieder im sozialen Bereich f\u00f6rdern.<br><br>&#8230; im Rahmen ihrer M\u00f6glichkeiten zum friedlichen Miteinander der V\u00f6lker und damit zur Erhaltung des Weltfriedens beitragen.<br><br><strong>Zur Verwirklichung dieser Ziele geh\u00f6ren:<\/strong><br><br>\u2022 Durchf\u00fchrung von nationalen und internationalen berufskundlichen und kulturellen Tagungen und Seminaren<br>\u2022 F\u00f6rderung und Durchf\u00fchrung von Gruppenstudienreisen sowie Unterst\u00fctzung und Organisation von Studienaufenthalten<br>\u2022 F\u00f6rderung und Durchf\u00fchrung von Jugendaustausch und Jugendseminaren<br>\u2022 Unterst\u00fctzung kultureller und sozialer Einrichtungen<br>\u2022 F\u00f6rderung der zwischenstaatlichen Verbindung unter IPA-Mitgliedern und Polizei-Bediensteten<br>\u2022 Anbahnung von Briefwechsel zur Kontaktpflege und F\u00f6rderung der Fremdsprachen<\/p>\n","protected":false},"excerpt":{"rendered":"<p>&#8230;der politisch und gewerkschaftlich unabh\u00e4ngige Zusammenschlu\u00df von Angeh\u00f6rigen des Polizeidienstes, ohne Unterschied von Rang, Geschlecht, Rasse, Hautfarbe, Sprache oder Religion.<\/p>\n","protected":false},"author":1,"featured_media":0,"parent":0,"menu_order":0,"comment_status":"closed","ping_status":"closed","template":"","meta":{"colormag_page_container_layout":"default_layout","colormag_page_sidebar_layout":"default_layout","footnotes":""},"class_list":["post-92","page","type-page","status-publish","hentry"],"_links":{"self":[{"href":"https:\/\/ipa-augsburg.de\/index.php\/wp-json\/wp\/v2\/pages\/92","targetHints":{"allow":["GET"]}}],"collection":[{"href":"https:\/\/ipa-augsburg.de\/index.php\/wp-json\/wp\/v2\/pages"}],"about":[{"href":"https:\/\/ipa-augsburg.de\/index.php\/wp-json\/wp\/v2\/types\/page"}],"author":[{"embeddable":true,"href":"https:\/\/ipa-augsburg.de\/index.php\/wp-json\/wp\/v2\/users\/1"}],"replies":[{"embeddable":true,"href":"https:\/\/ipa-augsburg.de\/index.php\/wp-json\/wp\/v2\/comments?post=92"}],"version-history":[{"count":2,"href":"https:\/\/ipa-augsburg.de\/index.php\/wp-json\/wp\/v2\/pages\/92\/revisions"}],"predecessor-version":[{"id":501,"href":"https:\/\/ipa-augsburg.de\/index.php\/wp-json\/wp\/v2\/pages\/92\/revisions\/501"}],"wp:attachment":[{"href":"https:\/\/ipa-augsburg.de\/index.php\/wp-json\/wp\/v2\/media?parent=92"}],"curies":[{"name":"wp","href":"https:\/\/api.w.org\/{rel}","templated":true}]}}